{"id":92,"date":"2014-06-18T11:01:05","date_gmt":"2014-06-18T10:01:05","guid":{"rendered":"http:\/\/www.gegenwind-temnitz.de\/?page_id=92"},"modified":"2015-10-18T04:24:35","modified_gmt":"2015-10-18T03:24:35","slug":"in-den-medien","status":"publish","type":"page","link":"http:\/\/www.gegenwind-temnitz.de\/?page_id=92","title":{"rendered":"In den Medien"},"content":{"rendered":"<h3><span class=\"titletext\">Volksbegehren gegen Windr\u00e4der auf den Weg gebracht<br \/>\n<\/span><a href=\"http:\/\/www.rbb-online.de\/wirtschaft\/beitrag\/2015\/10\/windkraft-volksbegehren-im-landtag-brandenburg.html\" target=\"_blank\">http:\/\/www.rbb-online.de\/wirtschaft\/beitrag\/2015\/10\/windkraft-volksbegehren-im-landtag-brandenburg.html<\/a><\/h3>\n<p><span class=\"ArticleTitle\"><strong>EuGH r\u00fcffelt Deutschland<\/strong><br \/>\n<\/span>Der Europ\u00e4ische Gerichtshof st\u00e4rkt die Klagerechte von Umweltverb\u00e4nden bei gro\u00dfen Bauvorhaben. Aktivisten sehen in der Entscheidung ein starkes Signal f\u00fcr den Kampf gegen Gro\u00dfprojekte.<br \/>\n<a href=\"http:\/\/www.fr-online.de\/politik\/klagerechte---eugh-rueffelt-deutschland,1472596,32173076.html\">http:\/\/www.fr-online.de\/politik\/klagerechte&#8212;eugh-rueffelt-deutschland,1472596,32173076.html<\/a><\/p>\n<p>Bei einem Treffen in R\u00e4gelin wurden Argumente gegen den neuen Regionalplan gesammelt:<br \/>\n<a href=\"http:\/\/www.gegenwind-temnitz.de\/wp-content\/uploads\/2014\/06\/Windplankritiker-drehen-an-den-Stellschrauben_11.09.2015-1.pdf\">Windplankritiker drehen an den Stellschrauben_11.09.2015-1<\/a><\/p>\n<p>Hier ein Bericht \u00fcber die Regionalversammlung am 21.4.2015, die den neuen Regionalplan gebilligt hat:<br \/>\n<a href=\"http:\/\/www.moz.de\/artikel-ansicht\/dg\/0\/1\/1384587\">http:\/\/www.moz.de\/artikel-ansicht\/dg\/0\/1\/1384587<br \/>\n<\/a><a href=\"http:\/\/www.moz.de\/artikel-ansicht\/dg\/0\/1\/1362061\">http:\/\/www.moz.de\/artikel-ansicht\/dg\/0\/1\/1362061<\/a><\/p>\n<p>Der Widerstand w\u00e4chst: In den Landkreisen Uckermark\/Barnim wird \u00fcber einen sofortigen Planungsstopp diskutiert, die Initiative &#8222;Rettet Brandenburg&#8220; denkt \u00fcber einen Volksentscheid nach. Mehr Infos dazu hier:<br \/>\n<a href=\"http:\/\/www.moz.de\/artikel-ansicht\/dg\/0\/1\/1360111\">http:\/\/www.moz.de\/artikel-ansicht\/dg\/0\/1\/1360111<\/a><\/p>\n<p>Ein super Artikel aus der &#8222;Zeit&#8220;, der endlich einmal allgemeinverst\u00e4ndlich die komplexen, durch die Energiewende verschuldeten Fehlentwicklungen auf dem Strommarkt beleuchtet:<br \/>\n<a href=\"http:\/\/www.zeit.de\/2014\/50\/schmutziger-irrtum-energiewende-klimawandel\">http:\/\/www.zeit.de\/2014\/50\/schmutziger-irrtum-energiewende-klimawandel<\/a><\/p>\n<p>Teilsieg: Die Regionale Planungsgemeinschaft hat sich f\u00fcr Abstandsregelungen bei Windkraftanlagen ausgesprochen:<br \/>\n<a href=\"http:\/\/www.moz.de\/lokales\/artikel-ansicht\/dg\/0\/1\/1349001\/\">http:\/\/www.moz.de\/lokales\/artikel-ansicht\/dg\/0\/1\/1349001\/<\/a><\/p>\n<p>\u00c4rger um Riesenwindr\u00e4der &#8211; Ein Filmbeitrag im MDR:<br \/>\n<a href=\"http:\/\/www.mdr.de\/umschau\/video237098.html\" target=\"_blank\" rel=\"nofollow nofollow\">http:\/\/www.mdr.de\/umschau\/video237098.html<br \/>\n<\/a>Wenn der Beitrag gef\u00e4llt, bitte hier ganz unten abstimmen&#8230;<br \/>\n<a href=\"http:\/\/www.mdr.de\/umschau\/umfrage272.html\" target=\"_blank\" rel=\"nofollow nofollow\">http:\/\/www.mdr.de\/umschau\/umfrage272.html<\/a><\/p>\n<p>Der Bericht in der &#8222;M\u00e4rkischen Oderzeitung&#8220; vom 21.11.14 \u00fcber die Gr\u00fcndung des Aktionsb\u00fcndnisses:<br \/>\n<a href=\"http:\/\/www.moz.de\/lokales\/artikel-ansicht\/dg\/0\/1\/1348109\/\">http:\/\/www.moz.de\/lokales\/artikel-ansicht\/dg\/0\/1\/1348109\/<\/a><\/p>\n<p>Ein Bericht in der &#8222;M\u00e4rkischen Oderzeitung vom 23.10.14 \u00fcber die Gr\u00fcndung der BI in Protzen:<br \/>\n<a href=\"http:\/\/www.moz.de\/artikel-ansicht\/dg\/0\/1\/1339396\">http:\/\/www.moz.de\/artikel-ansicht\/dg\/0\/1\/1339396<\/a><\/p>\n<p>Ein Bericht in der &#8222;M\u00e4rkischen Oderzeitung&#8220; vom 23.9.14 \u00fcber die Plakataktion gegen Windkraft:<br \/>\n<a href=\"http:\/\/www.moz.de\/artikel-ansicht\/dg\/0\/1\/1328658\">http:\/\/www.moz.de\/artikel-ansicht\/dg\/0\/1\/1328658<\/a><\/p>\n<p>Und in der &#8222;M\u00e4rkischen Allgemeinen Zeitung&#8220; vom 16.10.14:<br \/>\n<a href=\"http:\/\/www.maz-online.de\/Lokales\/Ostprignitz-Ruppin\/Mit-Schilderwald-gegen-Windraeder\">http:\/\/www.maz-online.de\/Lokales\/Ostprignitz-Ruppin\/Mit-Schilderwald-gegen-Windraeder<\/a><\/p>\n<p>Bericht \u00fcber das Treffen mit Landrat Reinhardt in Wildberg vom 9.9.14:<br \/>\n<a href=\"http:\/\/www.maz-online.de\/Lokales\/Ostprignitz-Ruppin\/Landrat-will-Bau-von-Windraedern-stoppen\">http:\/\/www.maz-online.de\/Lokales\/Ostprignitz-Ruppin\/Landrat-will-Bau-von-Windraedern-stoppen<\/a><\/p>\n<p>Ein Beitrag im Spiegel:<br \/>\n<a href=\"http:\/\/www.spiegel.de\/spiegel\/print\/d-30346813.html\">http:\/\/www.spiegel.de\/spiegel\/print\/d-30346813.html<\/a><\/p>\n<p>Ein Beitrag in der M\u00e4rkischen Allgemeinen Zeitung \u00fcber die Auswirkungen von Windr\u00e4dern auf die Natur:<br \/>\n<a href=\"http:\/\/www.maz-online.de\/Lokales\/Ostprignitz-Ruppin\/Rotorblaetter-zerstueckeln-Rotmilane\">http:\/\/www.maz-online.de\/Lokales\/Ostprignitz-Ruppin\/Rotorblaetter-zerstueckeln-Rotmilane<\/a><\/p>\n<p>Hoffnungszeichen? Die Entscheidung des Oberverwaltungsgerichts Berlin-Brandenburg, den Landesentwicklungsplan f\u00fcr ung\u00fcltig zu erkl\u00e4ren, k\u00f6nnte Auswirkungen auf die Windkraft-Planung haben:<br \/>\n<a href=\"http:\/\/www.maz-online.de\/Lokales\/Ostprignitz-Ruppin\/Nach-Urteil-zu-Landesentwicklungsplan-Windenergie-Konzept-fuer-Nordbrandenburg-wackelt\">http:\/\/www.maz-online.de\/Lokales\/Ostprignitz-Ruppin\/Nach-Urteil-zu-Landesentwicklungsplan-Windenergie-Konzept-fuer-Nordbrandenburg-wackelt<\/a><\/p>\n<p>\u00dcber den Auftritt von\u00a0Landrat Ralf Reinhardt (parteilos) bei der sogenannten Energietour des Wirtschaftsministeriums in Neuruppin am 16.6.2014:<br \/>\n<a href=\"http:\/\/www.maz-online.de\/Lokales\/Ostprignitz-Ruppin\/OPR-Landrat-Ralf-Reinhardt-bekennt-sich-in-Neuruppin-zu-erneuerbaren-Energien\">http:\/\/www.maz-online.de\/Lokales\/Ostprignitz-Ruppin\/OPR-Landrat-Ralf-Reinhardt-bekennt-sich-in-Neuruppin-zu-erneuerbaren-Energien<\/a><\/p>\n<p>Bericht \u00fcber die Demo in Wildberg vom 12.5.14:<br \/>\n<a href=\"http:\/\/www.maz-online.de\/Lokales\/Ostprignitz-Ruppin\/Temnitzer-wollen-weitere-Windraeder-stoppen\">http:\/\/www.maz-online.de\/Lokales\/Ostprignitz-Ruppin\/Temnitzer-wollen-weitere-Windraeder-stoppen<\/a><\/p>\n<p>Der Bericht \u00fcber unseren Auftritt beim Hoffest in Rohrlack:<br \/>\n<a href=\"http:\/\/www.maz-online.de\/Lokales\/Ostprignitz-Ruppin\/Rohrlack-macht-Gaesten-den-Hof\">http:\/\/www.maz-online.de\/Lokales\/Ostprignitz-Ruppin\/Rohrlack-macht-Gaesten-den-Hof<\/a><\/p>\n<p>Erster Erfolg: Der Plan f\u00fcr neue Windeignungsgebiete wird vorerst nicht ausgelegt &#8211; es fehlten die Umweltberichte:<br \/>\n<a href=\"http:\/\/www.maz-online.de\/Lokales\/Ostprignitz-Ruppin\/Viel-Wind-um-nichts\">http:\/\/www.maz-online.de\/Lokales\/Ostprignitz-Ruppin\/Viel-Wind-um-nichts<\/a><\/p>\n<p>Ruppiner Anzeiger: \u201cTemnitzer Widerstand w\u00e4chst\u201d:<br \/>\n<a title=\"http:\/\/www.moz.de\/lokales\/artikel-ansicht\/dg\/0\/1\/1254379\/\" href=\"http:\/\/www.moz.de\/lokales\/artikel-ansicht\/dg\/0\/1\/1254379\/\" target=\"_blank\">http:\/\/www.moz.de\/lokales\/artikel-ansicht\/dg\/0\/1\/1254379\/<\/a><\/p>\n<p>&nbsp;<\/p>\n<p><\/p>","protected":false},"excerpt":{"rendered":"<p>Volksbegehren gegen Windr\u00e4der auf den Weg gebracht http:\/\/www.rbb-online.de\/wirtschaft\/beitrag\/2015\/10\/windkraft-volksbegehren-im-landtag-brandenburg.html EuGH r\u00fcffelt Deutschland Der Europ\u00e4ische Gerichtshof st\u00e4rkt die Klagerechte von Umweltverb\u00e4nden bei gro\u00dfen Bauvorhaben. Aktivisten sehen in der Entscheidung ein starkes Signal f\u00fcr den Kampf gegen Gro\u00dfprojekte. http:\/\/www.fr-online.de\/politik\/klagerechte&#8212;eugh-rueffelt-deutschland,1472596,32173076.html Bei einem Treffen in R\u00e4gelin wurden Argumente gegen den neuen Regionalplan gesammelt: Windplankritiker drehen an den Stellschrauben_11.09.2015-1 Hier ein [&hellip;]<\/p>\n","protected":false},"author":5,"featured_media":0,"parent":0,"menu_order":40,"comment_status":"closed","ping_status":"open","template":"","meta":{"footnotes":""},"class_list":["post-92","page","type-page","status-publish","hentry"],"_links":{"self":[{"href":"http:\/\/www.gegenwind-temnitz.de\/index.php?rest_route=\/wp\/v2\/pages\/92","targetHints":{"allow":["GET"]}}],"collection":[{"href":"http:\/\/www.gegenwind-temnitz.de\/index.php?rest_route=\/wp\/v2\/pages"}],"about":[{"href":"http:\/\/www.gegenwind-temnitz.de\/index.php?rest_route=\/wp\/v2\/types\/page"}],"author":[{"embeddable":true,"href":"http:\/\/www.gegenwind-temnitz.de\/index.php?rest_route=\/wp\/v2\/users\/5"}],"replies":[{"embeddable":true,"href":"http:\/\/www.gegenwind-temnitz.de\/index.php?rest_route=%2Fwp%2Fv2%2Fcomments&post=92"}],"version-history":[{"count":26,"href":"http:\/\/www.gegenwind-temnitz.de\/index.php?rest_route=\/wp\/v2\/pages\/92\/revisions"}],"predecessor-version":[{"id":391,"href":"http:\/\/www.gegenwind-temnitz.de\/index.php?rest_route=\/wp\/v2\/pages\/92\/revisions\/391"}],"wp:attachment":[{"href":"http:\/\/www.gegenwind-temnitz.de\/index.php?rest_route=%2Fwp%2Fv2%2Fmedia&parent=92"}],"curies":[{"name":"wp","href":"https:\/\/api.w.org\/{rel}","templated":true}]}}